{"id":5400,"date":"2022-05-10T18:16:24","date_gmt":"2022-05-10T18:16:24","guid":{"rendered":"https:\/\/wptf.themepul.co\/restly\/?page_id=5400"},"modified":"2024-05-03T11:24:59","modified_gmt":"2024-05-03T11:24:59","slug":"service-seven","status":"publish","type":"page","link":"https:\/\/bfflooring.ma\/index.php\/service-seven\/","title":{"rendered":"Peinture Interieur"},"content":{"rendered":"\t\t<div data-elementor-type=\"wp-page\" data-elementor-id=\"5400\" class=\"elementor elementor-5400\">\n\t\t\t\t\t\t<section class=\"elementor-section elementor-top-section elementor-element elementor-element-49b6b32 elementor-section-boxed elementor-section-height-default elementor-section-height-default\" data-id=\"49b6b32\" data-element_type=\"section\" data-settings=\"{&quot;background_background&quot;:&quot;classic&quot;}\">\n\t\t\t\t\t\t<div class=\"elementor-container elementor-column-gap-default\">\n\t\t\t\t\t<div class=\"elementor-column elementor-col-100 elementor-top-column elementor-element elementor-element-0ff7864\" data-id=\"0ff7864\" data-element_type=\"column\">\n\t\t\t<div class=\"elementor-widget-wrap elementor-element-populated\">\n\t\t\t\t\t\t<section class=\"elementor-section elementor-inner-section elementor-element elementor-element-9c170fb elementor-section-boxed elementor-section-height-default elementor-section-height-default\" data-id=\"9c170fb\" data-element_type=\"section\">\n\t\t\t\t\t\t<div class=\"elementor-container elementor-column-gap-default\">\n\t\t\t\t\t<div class=\"elementor-column elementor-col-100 elementor-inner-column elementor-element elementor-element-4419a3a\" data-id=\"4419a3a\" data-element_type=\"column\">\n\t\t\t<div class=\"elementor-widget-wrap elementor-element-populated\">\n\t\t\t\t\t\t<div class=\"elementor-element elementor-element-7f048d4 elementor-widget elementor-widget-restly_title\" data-id=\"7f048d4\" data-element_type=\"widget\" data-widget_type=\"restly_title.default\">\n\t\t\t\t<div class=\"elementor-widget-container\">\n\t\t\t        <div class=\"restly-section-title-wrapper\">\r\n            <div class=\"restly-section-title\">\r\n                <h6 class=\"restly-section-stitle\"><span>NOS SERVICE<\/span><\/h6>                <h2 class=\"restly-section-title\">\r\n                    Decouvrire nos Service de Peinture                                    <\/h2> \r\n            <\/div>\r\n        <\/div>\r\n        \t\t<\/div>\n\t\t\t\t<\/div>\n\t\t\t\t\t<\/div>\n\t\t<\/div>\n\t\t\t\t\t<\/div>\n\t\t<\/section>\n\t\t\t\t\t<\/div>\n\t\t<\/div>\n\t\t\t\t\t<\/div>\n\t\t<\/section>\n\t\t\t\t<section class=\"elementor-section elementor-top-section elementor-element elementor-element-219dd03 elementor-section-boxed elementor-section-height-default elementor-section-height-default\" data-id=\"219dd03\" data-element_type=\"section\">\n\t\t\t\t\t\t<div class=\"elementor-container elementor-column-gap-default\">\n\t\t\t\t\t<div class=\"elementor-column elementor-col-100 elementor-top-column elementor-element elementor-element-b803a9c\" data-id=\"b803a9c\" data-element_type=\"column\">\n\t\t\t<div class=\"elementor-widget-wrap elementor-element-populated\">\n\t\t\t\t\t\t<section class=\"elementor-section elementor-inner-section elementor-element elementor-element-4a81c0a elementor-section-boxed elementor-section-height-default elementor-section-height-default\" data-id=\"4a81c0a\" data-element_type=\"section\">\n\t\t\t\t\t\t<div class=\"elementor-container elementor-column-gap-default\">\n\t\t\t\t\t<div class=\"elementor-column elementor-col-50 elementor-inner-column elementor-element elementor-element-4bb64bd\" data-id=\"4bb64bd\" data-element_type=\"column\">\n\t\t\t<div class=\"elementor-widget-wrap elementor-element-populated\">\n\t\t\t\t\t\t<div class=\"elementor-element elementor-element-bbcb557 elementor-widget elementor-widget-image\" data-id=\"bbcb557\" data-element_type=\"widget\" data-widget_type=\"image.default\">\n\t\t\t\t<div class=\"elementor-widget-container\">\n\t\t\t<style>\/*! elementor - v3.21.0 - 18-04-2024 *\/\n.elementor-widget-image{text-align:center}.elementor-widget-image a{display:inline-block}.elementor-widget-image a img[src$=\".svg\"]{width:48px}.elementor-widget-image img{vertical-align:middle;display:inline-block}<\/style>\t\t\t\t\t\t\t\t\t\t<img fetchpriority=\"high\" decoding=\"async\" width=\"1024\" height=\"768\" src=\"https:\/\/bfflooring.ma\/wp-content\/uploads\/2024\/04\/1664455058455-1024x768-1.jpg\" class=\"attachment-full size-full wp-image-10065\" alt=\"\" srcset=\"https:\/\/bfflooring.ma\/wp-content\/uploads\/2024\/04\/1664455058455-1024x768-1.jpg 1024w, https:\/\/bfflooring.ma\/wp-content\/uploads\/2024\/04\/1664455058455-1024x768-1-300x225.jpg 300w, https:\/\/bfflooring.ma\/wp-content\/uploads\/2024\/04\/1664455058455-1024x768-1-768x576.jpg 768w, https:\/\/bfflooring.ma\/wp-content\/uploads\/2024\/04\/1664455058455-1024x768-1-400x300.jpg 400w, https:\/\/bfflooring.ma\/wp-content\/uploads\/2024\/04\/1664455058455-1024x768-1-600x450.jpg 600w\" sizes=\"(max-width: 1024px) 100vw, 1024px\" \/>\t\t\t\t\t\t\t\t\t\t\t\t\t<\/div>\n\t\t\t\t<\/div>\n\t\t\t\t<div class=\"elementor-element elementor-element-f6de360 elementor-widget__width-initial elementor-widget elementor-widget-image\" data-id=\"f6de360\" data-element_type=\"widget\" data-widget_type=\"image.default\">\n\t\t\t\t<div class=\"elementor-widget-container\">\n\t\t\t\t\t\t\t\t\t\t\t\t\t<img decoding=\"async\" width=\"768\" height=\"1024\" src=\"https:\/\/bfflooring.ma\/wp-content\/uploads\/2024\/04\/5-768x1024-1.png\" class=\"attachment-full size-full wp-image-10062\" alt=\"\" srcset=\"https:\/\/bfflooring.ma\/wp-content\/uploads\/2024\/04\/5-768x1024-1.png 768w, https:\/\/bfflooring.ma\/wp-content\/uploads\/2024\/04\/5-768x1024-1-225x300.png 225w, https:\/\/bfflooring.ma\/wp-content\/uploads\/2024\/04\/5-768x1024-1-600x800.png 600w\" sizes=\"(max-width: 768px) 100vw, 768px\" \/>\t\t\t\t\t\t\t\t\t\t\t\t\t<\/div>\n\t\t\t\t<\/div>\n\t\t\t\t\t<\/div>\n\t\t<\/div>\n\t\t\t\t<div class=\"elementor-column elementor-col-50 elementor-inner-column elementor-element elementor-element-9a3a921\" data-id=\"9a3a921\" data-element_type=\"column\">\n\t\t\t<div class=\"elementor-widget-wrap elementor-element-populated\">\n\t\t\t\t\t\t<div class=\"elementor-element elementor-element-f96df7a elementor-widget elementor-widget-restly_about\" data-id=\"f96df7a\" data-element_type=\"widget\" data-widget_type=\"restly_about.default\">\n\t\t\t\t<div class=\"elementor-widget-container\">\n\t\t\t        <div class=\"restly-about-wrapper\">\n            <div class=\"restly-about-content text-left\">\n                                \n                <h6 class=\"restly-about-stitle\"><span>D\u00c9FINITIONS<\/span><\/h6>\n                \n                <h2 class=\"restly-about-title\">Travaux de peinture interieur <\/h2>\n                <div class=\"restly-about-dec\">\n                    <p>Bienvenue chez BFFLOORIGN, votre partenaire de confiance pour m\u00e9tamorphoser l\u2019int\u00e9rieur de vos espaces gr\u00e2ce \u00e0 notre vaste gamme de peintures sp\u00e9cialis\u00e9es. Chez BFFLOORIGN, nous comprenons que chaque projet n\u00e9cessite une approche unique et des solutions sur mesure. Nous proposons une vari\u00e9t\u00e9 de types de peinture, soigneusement s\u00e9lectionn\u00e9s pour r\u00e9pondre \u00e0 vos besoins sp\u00e9cifiques et \u00e0 votre style de vie.<\/p><ul class=\"lte-list\"><li>Peinture Vinyle sans pareille :<\/li><\/ul><p>La peinture vinyle que nous offrons chez BFFLOORIGN est con\u00e7ue pour apporter de la fra\u00eecheur et de la durabilit\u00e9 \u00e0 vos murs int\u00e9rieurs. Elle est reconnue pour sa facilit\u00e9 d\u2019entretien, sa r\u00e9sistance aux taches et sa polyvalence dans une vari\u00e9t\u00e9 de finitions. Nous vous offrons un large \u00e9ventail de couleurs, vous permettant d\u2019exprimer votre cr\u00e9ativit\u00e9 et de transformer vos espaces int\u00e9rieurs en \u0153uvres d\u2019art vivantes.<\/p><ul class=\"lte-list\"><li>Peinture Glyc\u00e9rophtalique pour une Finition Distingu\u00e9e :<\/li><\/ul><p>Si vous recherchez une finition riche et durable, notre peinture glyc\u00e9rophtalique est le choix parfait. Elle offre une r\u00e9sistance accrue aux taches, \u00e0 l\u2019humidit\u00e9 et aux abrasions, ce qui en fait une option id\u00e9ale pour les zones \u00e0 fort passage comme les couloirs et les cuisines. Avec une application experte, cette peinture offre une finition \u00e9l\u00e9gante qui ajoute une touche de sophistication \u00e0 n\u2019importe quel int\u00e9rieur.<\/p><ul class=\"lte-list\"><li>Peinture D\u00e9corative pour l\u2019\u00c9clat Artistique :<\/li><\/ul><p>Laissez votre cr\u00e9ativit\u00e9 s\u2019\u00e9panouir avec notre gamme de peintures d\u00e9coratives chez bfflooring. Que ce soit pour des effets textur\u00e9s, des finitions mates, satin\u00e9es ou brillantes, ou des techniques de peinture sp\u00e9ciales telles que le faux marbre ou l\u2019\u00e9ponge, nous avons l\u2019expertise pour r\u00e9aliser des d\u00e9cors int\u00e9rieurs uniques et visuellement captivants. Offrez \u00e0 vos murs une personnalit\u00e9 distinctive et un attrait esth\u00e9tique avec notre peinture d\u00e9corative.<\/p><p>Chez bfflooring, nous sommes d\u00e9termin\u00e9s \u00e0 apporter \u00e0 votre int\u00e9rieur le caract\u00e8re et l\u2019\u00e9l\u00e9gance qu\u2019il m\u00e9rite. Faites confiance \u00e0 notre expertise et \u00e0 notre engagement envers la qualit\u00e9 pour faire de chaque mur une \u0153uvre d\u2019art. Contactez-nous d\u00e8s aujourd\u2019hui pour explorer nos options de peinture int\u00e9rieure et cr\u00e9er un espace qui refl\u00e8te votre style et inspire chaque jour.<\/p>                <\/div>\n            <\/div>\n        <\/div>\n        \t\t<\/div>\n\t\t\t\t<\/div>\n\t\t\t\t\t<\/div>\n\t\t<\/div>\n\t\t\t\t\t<\/div>\n\t\t<\/section>\n\t\t\t\t\t<\/div>\n\t\t<\/div>\n\t\t\t\t\t<\/div>\n\t\t<\/section>\n\t\t<div class=\"elementor-element elementor-element-d1994a3 e-flex e-con-boxed e-con e-parent\" data-id=\"d1994a3\" data-element_type=\"container\">\n\t\t\t\t\t<div class=\"e-con-inner\">\n\t\t\t\t\t<\/div>\n\t\t\t\t<\/div>\n\t\t\t\t<section class=\"elementor-section elementor-top-section elementor-element elementor-element-917c276 elementor-section-boxed elementor-section-height-default elementor-section-height-default\" data-id=\"917c276\" data-element_type=\"section\" data-settings=\"{&quot;background_background&quot;:&quot;classic&quot;}\">\n\t\t\t\t\t\t<div class=\"elementor-container elementor-column-gap-default\">\n\t\t\t\t\t<div class=\"elementor-column elementor-col-100 elementor-top-column elementor-element elementor-element-a7c8b1d\" data-id=\"a7c8b1d\" data-element_type=\"column\">\n\t\t\t<div class=\"elementor-widget-wrap elementor-element-populated\">\n\t\t\t\t\t\t<section class=\"elementor-section elementor-inner-section elementor-element elementor-element-21345a2 elementor-section-boxed elementor-section-height-default elementor-section-height-default\" data-id=\"21345a2\" data-element_type=\"section\" data-settings=\"{&quot;background_background&quot;:&quot;classic&quot;}\">\n\t\t\t\t\t\t<div class=\"elementor-container elementor-column-gap-default\">\n\t\t\t\t\t<div class=\"elementor-column elementor-col-100 elementor-inner-column elementor-element elementor-element-b025106\" data-id=\"b025106\" data-element_type=\"column\">\n\t\t\t<div class=\"elementor-widget-wrap elementor-element-populated\">\n\t\t\t\t\t\t<div class=\"elementor-element elementor-element-a623f66 elementor-widget elementor-widget-restly_title\" data-id=\"a623f66\" data-element_type=\"widget\" data-widget_type=\"restly_title.default\">\n\t\t\t\t<div class=\"elementor-widget-container\">\n\t\t\t        <div class=\"restly-section-title-wrapper\">\r\n            <div class=\"restly-section-title\">\r\n                                <h2 class=\"restly-section-title\">\r\n                    BFFLOORING SP\u00c9CIALISTE Des Peinture                                     <\/h2> \r\n            <\/div>\r\n        <\/div>\r\n        \t\t<\/div>\n\t\t\t\t<\/div>\n\t\t\t\t\t<\/div>\n\t\t<\/div>\n\t\t\t\t\t<\/div>\n\t\t<\/section>\n\t\t\t\t\t<\/div>\n\t\t<\/div>\n\t\t\t\t\t<\/div>\n\t\t<\/section>\n\t\t\t\t<section class=\"elementor-section elementor-top-section elementor-element elementor-element-1dad84a elementor-section-boxed elementor-section-height-default elementor-section-height-default\" data-id=\"1dad84a\" data-element_type=\"section\" data-settings=\"{&quot;background_background&quot;:&quot;classic&quot;}\">\n\t\t\t\t\t\t<div class=\"elementor-container elementor-column-gap-default\">\n\t\t\t\t\t<div class=\"elementor-column elementor-col-100 elementor-top-column elementor-element elementor-element-d413734\" data-id=\"d413734\" data-element_type=\"column\">\n\t\t\t<div class=\"elementor-widget-wrap elementor-element-populated\">\n\t\t\t\t\t\t<section class=\"elementor-section elementor-inner-section elementor-element elementor-element-d825ae2 elementor-section-boxed elementor-section-height-default elementor-section-height-default\" data-id=\"d825ae2\" data-element_type=\"section\" data-settings=\"{&quot;background_background&quot;:&quot;classic&quot;}\">\n\t\t\t\t\t\t<div class=\"elementor-container elementor-column-gap-default\">\n\t\t\t\t\t<div class=\"elementor-column elementor-col-50 elementor-inner-column elementor-element elementor-element-7aac58e\" data-id=\"7aac58e\" data-element_type=\"column\">\n\t\t\t<div class=\"elementor-widget-wrap elementor-element-populated\">\n\t\t\t\t\t\t<div class=\"elementor-element elementor-element-2b3db71 elementor-widget elementor-widget-restly_title\" data-id=\"2b3db71\" data-element_type=\"widget\" data-widget_type=\"restly_title.default\">\n\t\t\t\t<div class=\"elementor-widget-container\">\n\t\t\t        <div class=\"restly-section-title-wrapper\">\r\n            <div class=\"restly-section-title\">\r\n                                <h2 class=\"restly-section-title\">\r\n                    NOUS CONTACTEZ                                    <\/h2> \r\n            <\/div>\r\n        <\/div>\r\n        \t\t<\/div>\n\t\t\t\t<\/div>\n\t\t\t\t<div class=\"elementor-element elementor-element-a211ade elementor-widget elementor-widget-shortcode\" data-id=\"a211ade\" data-element_type=\"widget\" data-widget_type=\"shortcode.default\">\n\t\t\t\t<div class=\"elementor-widget-container\">\n\t\t\t\t\t<div class=\"elementor-shortcode\">\n<div class=\"wpcf7 no-js\" id=\"wpcf7-f2367-o1\" lang=\"en-US\" dir=\"ltr\">\n<div class=\"screen-reader-response\"><p role=\"status\" aria-live=\"polite\" aria-atomic=\"true\"><\/p> <ul><\/ul><\/div>\n<form action=\"\/index.php\/wp-json\/wp\/v2\/pages\/5400#wpcf7-f2367-o1\" method=\"post\" class=\"wpcf7-form init\" aria-label=\"Contact form\" novalidate=\"novalidate\" data-status=\"init\">\n<div style=\"display: none;\">\n<input type=\"hidden\" name=\"_wpcf7\" value=\"2367\" \/>\n<input type=\"hidden\" name=\"_wpcf7_version\" value=\"5.9.3\" \/>\n<input type=\"hidden\" name=\"_wpcf7_locale\" value=\"en_US\" \/>\n<input type=\"hidden\" name=\"_wpcf7_unit_tag\" value=\"wpcf7-f2367-o1\" \/>\n<input type=\"hidden\" name=\"_wpcf7_container_post\" value=\"0\" \/>\n<input type=\"hidden\" name=\"_wpcf7_posted_data_hash\" value=\"\" \/>\n<\/div>\n<div class=\"restly-home-form\">\n    <div class=\"row\">\n        <div class=\"col-12 col-md-6\">\n            <div class=\"restly-home-form-input restly-input name\">\n            <span class=\"wpcf7-form-control-wrap\" data-name=\"yourname\"><input size=\"40\" class=\"wpcf7-form-control wpcf7-text wpcf7-validates-as-required\" aria-required=\"true\" aria-invalid=\"false\" placeholder=\"Non\" value=\"\" type=\"text\" name=\"yourname\" \/><\/span>\n            <\/div>\n        <\/div>\n        <div class=\"col-12 col-md-6\">\n            <div class=\"restly-home-form-input restly-input email\">\n            <span class=\"wpcf7-form-control-wrap\" data-name=\"youremail\"><input size=\"40\" class=\"wpcf7-form-control wpcf7-email wpcf7-validates-as-required wpcf7-text wpcf7-validates-as-email\" aria-required=\"true\" aria-invalid=\"false\" placeholder=\"Email\" value=\"\" type=\"email\" name=\"youremail\" \/><\/span>\n            <\/div>\n        <\/div>\n        <div class=\"col-12 col-md-6\">\n            <div class=\"restly-home-form-input restly-input phone\">\n            <span class=\"wpcf7-form-control-wrap\" data-name=\"yourphone\"><input size=\"40\" class=\"wpcf7-form-control wpcf7-tel wpcf7-validates-as-required wpcf7-text wpcf7-validates-as-tel\" aria-required=\"true\" aria-invalid=\"false\" placeholder=\"t\u00e9l\" value=\"\" type=\"tel\" name=\"yourphone\" \/><\/span>\n            <\/div>\n        <\/div>\n        <div class=\"col-12 col-md-6\">\n            <div class=\"restly-home-form-input restly-input cform-input website\">\n            <span class=\"wpcf7-form-control-wrap\" data-name=\"website\"><input size=\"40\" class=\"wpcf7-form-control wpcf7-url wpcf7-validates-as-required wpcf7-text wpcf7-validates-as-url\" aria-required=\"true\" aria-invalid=\"false\" placeholder=\"Website\" value=\"\" type=\"url\" name=\"website\" \/><\/span>\n            <\/div>\n        <\/div>\n        <div class=\"col-12 col-md-12\">\n            <div class=\"restly-home-input restly-input message\">\n            <span class=\"wpcf7-form-control-wrap\" data-name=\"message\"><textarea cols=\"10\" rows=\"4\" class=\"wpcf7-form-control wpcf7-textarea\" aria-invalid=\"false\" placeholder=\"votre message.\" name=\"message\"><\/textarea><\/span>\n            <\/div>\n            <div class=\"restly-message-btn\">\n            <input class=\"wpcf7-form-control wpcf7-submit has-spinner\" type=\"submit\" value=\"Message\" \/>\n            <\/div>\n        <\/div>\n    <\/div>\n<\/div><div class=\"wpcf7-response-output\" aria-hidden=\"true\"><\/div>\n<\/form>\n<\/div>\n<\/div>\n\t\t\t\t<\/div>\n\t\t\t\t<\/div>\n\t\t\t\t\t<\/div>\n\t\t<\/div>\n\t\t\t\t<div class=\"elementor-column elementor-col-50 elementor-inner-column elementor-element elementor-element-047b831\" data-id=\"047b831\" data-element_type=\"column\" data-settings=\"{&quot;background_background&quot;:&quot;classic&quot;}\">\n\t\t\t<div class=\"elementor-widget-wrap elementor-element-populated\">\n\t\t\t\t\t<div class=\"elementor-background-overlay\"><\/div>\n\t\t\t\t\t\t<div class=\"elementor-element elementor-element-8764c84 elementor-widget elementor-widget-restly_contact_info\" data-id=\"8764c84\" data-element_type=\"widget\" data-widget_type=\"restly_contact_info.default\">\n\t\t\t\t<div class=\"elementor-widget-container\">\n\t\t\t        <div class=\"restly-contact-info-warpper\">\r\n            <div class=\"restly-contact-info\">\r\n                <h2 class=\"contact-info-title\">Entrer en Contact<\/h2>                <div class=\"restly-contact-info-items\">\r\n                                        <div class=\"restly-cinfo d-flex align-items-center\">\r\n                        <div class=\"restly-cinfo-icon\">\r\n                            <i class=\"fas fa-phone-alt\"><\/i>\r\n                        <\/div>\r\n                        <div class=\"restly-cinfo-dec\">\r\n                            <span>Contact<\/span>\r\n                            <p>+212656552482<\/p>                        <\/div>\r\n                    <\/div>\r\n                                        <div class=\"restly-cinfo d-flex align-items-center\">\r\n                        <div class=\"restly-cinfo-icon\">\r\n                            <i class=\"far fa-envelope\"><\/i>\r\n                        <\/div>\r\n                        <div class=\"restly-cinfo-dec\">\r\n                            <span>Email<\/span>\r\n                            <p>admin@bfflooring.ma<\/p>                        <\/div>\r\n                    <\/div>\r\n                                        <div class=\"restly-cinfo d-flex align-items-center\">\r\n                        <div class=\"restly-cinfo-icon\">\r\n                            <i class=\"fas fa-clock\"><\/i>\r\n                        <\/div>\r\n                        <div class=\"restly-cinfo-dec\">\r\n                            <span>heures d&#039;ouverture:<\/span>\r\n                            <p>\u00a08:00h - 18:00h<\/p>                        <\/div>\r\n                    <\/div>\r\n                                    <\/div>\r\n            <\/div>\r\n        <\/div>\r\n        \t\t<\/div>\n\t\t\t\t<\/div>\n\t\t\t\t\t<\/div>\n\t\t<\/div>\n\t\t\t\t\t<\/div>\n\t\t<\/section>\n\t\t\t\t\t<\/div>\n\t\t<\/div>\n\t\t\t\t\t<\/div>\n\t\t<\/section>\n\t\t\t\t<\/div>\n\t\t","protected":false},"excerpt":{"rendered":"<p>NOS SERVICE Decouvrire nos Service de Peinture D\u00c9FINITIONS Travaux de peinture interieur Bienvenue chez BFFLOORIGN, votre partenaire de confiance pour m\u00e9tamorphoser l\u2019int\u00e9rieur de vos espaces gr\u00e2ce \u00e0 notre vaste gamme de peintures sp\u00e9cialis\u00e9es. Chez BFFLOORIGN, nous comprenons que chaque projet n\u00e9cessite une approche unique et des solutions sur mesure. Nous proposons une vari\u00e9t\u00e9 de types [&hellip;]<\/p>\n","protected":false},"author":1,"featured_media":0,"parent":0,"menu_order":0,"comment_status":"closed","ping_status":"closed","template":"blank-template.php","meta":{"footnotes":""},"class_list":["post-5400","page","type-page","status-publish","hentry"],"_links":{"self":[{"href":"https:\/\/bfflooring.ma\/index.php\/wp-json\/wp\/v2\/pages\/5400","targetHints":{"allow":["GET"]}}],"collection":[{"href":"https:\/\/bfflooring.ma\/index.php\/wp-json\/wp\/v2\/pages"}],"about":[{"href":"https:\/\/bfflooring.ma\/index.php\/wp-json\/wp\/v2\/types\/page"}],"author":[{"embeddable":true,"href":"https:\/\/bfflooring.ma\/index.php\/wp-json\/wp\/v2\/users\/1"}],"replies":[{"embeddable":true,"href":"https:\/\/bfflooring.ma\/index.php\/wp-json\/wp\/v2\/comments?post=5400"}],"version-history":[{"count":26,"href":"https:\/\/bfflooring.ma\/index.php\/wp-json\/wp\/v2\/pages\/5400\/revisions"}],"predecessor-version":[{"id":10272,"href":"https:\/\/bfflooring.ma\/index.php\/wp-json\/wp\/v2\/pages\/5400\/revisions\/10272"}],"wp:attachment":[{"href":"https:\/\/bfflooring.ma\/index.php\/wp-json\/wp\/v2\/media?parent=5400"}],"curies":[{"name":"wp","href":"https:\/\/api.w.org\/{rel}","templated":true}]}}