{"id":6857,"date":"2023-01-28T07:47:42","date_gmt":"2023-01-28T07:47:42","guid":{"rendered":"https:\/\/wptf.themepul.co\/restly\/?page_id=6857"},"modified":"2024-05-03T11:25:53","modified_gmt":"2024-05-03T11:25:53","slug":"service-eight","status":"publish","type":"page","link":"https:\/\/bfflooring.ma\/index.php\/service-eight\/","title":{"rendered":"Papier Peint"},"content":{"rendered":"\t\t<div data-elementor-type=\"wp-page\" data-elementor-id=\"6857\" class=\"elementor elementor-6857\">\n\t\t\t\t\t\t<section class=\"elementor-section elementor-top-section elementor-element elementor-element-7ac9d5f elementor-section-boxed elementor-section-height-default elementor-section-height-default\" data-id=\"7ac9d5f\" data-element_type=\"section\">\n\t\t\t\t\t\t<div class=\"elementor-container elementor-column-gap-default\">\n\t\t\t\t\t<div class=\"elementor-column elementor-col-100 elementor-top-column elementor-element elementor-element-87f7a33\" data-id=\"87f7a33\" data-element_type=\"column\">\n\t\t\t<div class=\"elementor-widget-wrap elementor-element-populated\">\n\t\t\t\t\t\t<section class=\"elementor-section elementor-inner-section elementor-element elementor-element-7212165 elementor-section-boxed elementor-section-height-default elementor-section-height-default\" data-id=\"7212165\" data-element_type=\"section\">\n\t\t\t\t\t\t<div class=\"elementor-container elementor-column-gap-default\">\n\t\t\t\t\t<div class=\"elementor-column elementor-col-100 elementor-inner-column elementor-element elementor-element-012df7d\" data-id=\"012df7d\" data-element_type=\"column\">\n\t\t\t<div class=\"elementor-widget-wrap elementor-element-populated\">\n\t\t\t\t\t\t<div class=\"elementor-element elementor-element-f594050 elementor-widget elementor-widget-restly_title\" data-id=\"f594050\" data-element_type=\"widget\" data-widget_type=\"restly_title.default\">\n\t\t\t\t<div class=\"elementor-widget-container\">\n\t\t\t        <div class=\"restly-section-title-wrapper\">\r\n            <div class=\"restly-section-title\">\r\n                <h6 class=\"restly-section-stitle\"><span>NOS SERVICE<\/span><\/h6>                <h2 class=\"restly-section-title\">\r\n                    Decouvrire nos Service de Peinture                                    <\/h2> \r\n            <\/div>\r\n        <\/div>\r\n        \t\t<\/div>\n\t\t\t\t<\/div>\n\t\t\t\t\t<\/div>\n\t\t<\/div>\n\t\t\t\t\t<\/div>\n\t\t<\/section>\n\t\t\t\t\t<\/div>\n\t\t<\/div>\n\t\t\t\t\t<\/div>\n\t\t<\/section>\n\t\t<div class=\"elementor-element elementor-element-288efcf e-flex e-con-boxed e-con e-parent\" data-id=\"288efcf\" data-element_type=\"container\">\n\t\t\t\t\t<div class=\"e-con-inner\">\n\t\t\t\t\t<\/div>\n\t\t\t\t<\/div>\n\t\t\t\t<section class=\"elementor-section elementor-top-section elementor-element elementor-element-a021d5a elementor-section-boxed elementor-section-height-default elementor-section-height-default\" data-id=\"a021d5a\" data-element_type=\"section\">\n\t\t\t\t\t\t<div class=\"elementor-container elementor-column-gap-default\">\n\t\t\t\t\t<div class=\"elementor-column elementor-col-100 elementor-top-column elementor-element elementor-element-b5af863\" data-id=\"b5af863\" data-element_type=\"column\">\n\t\t\t<div class=\"elementor-widget-wrap elementor-element-populated\">\n\t\t\t\t\t\t<section class=\"elementor-section elementor-inner-section elementor-element elementor-element-e79035e elementor-section-boxed elementor-section-height-default elementor-section-height-default\" data-id=\"e79035e\" data-element_type=\"section\">\n\t\t\t\t\t\t<div class=\"elementor-container elementor-column-gap-default\">\n\t\t\t\t\t<div class=\"elementor-column elementor-col-50 elementor-inner-column elementor-element elementor-element-c9ea6b3\" data-id=\"c9ea6b3\" data-element_type=\"column\">\n\t\t\t<div class=\"elementor-widget-wrap elementor-element-populated\">\n\t\t\t\t\t\t<div class=\"elementor-element elementor-element-4204aed elementor-widget elementor-widget-image\" data-id=\"4204aed\" data-element_type=\"widget\" data-widget_type=\"image.default\">\n\t\t\t\t<div class=\"elementor-widget-container\">\n\t\t\t<style>\/*! elementor - v3.21.0 - 18-04-2024 *\/\n.elementor-widget-image{text-align:center}.elementor-widget-image a{display:inline-block}.elementor-widget-image a img[src$=\".svg\"]{width:48px}.elementor-widget-image img{vertical-align:middle;display:inline-block}<\/style>\t\t\t\t\t\t\t\t\t\t<img fetchpriority=\"high\" decoding=\"async\" width=\"600\" height=\"600\" src=\"https:\/\/bfflooring.ma\/wp-content\/uploads\/2024\/04\/WhatsApp-Image-2023-09-22-a-18.21.58.jpg\" class=\"attachment-full size-full wp-image-10069\" alt=\"\" srcset=\"https:\/\/bfflooring.ma\/wp-content\/uploads\/2024\/04\/WhatsApp-Image-2023-09-22-a-18.21.58.jpg 600w, https:\/\/bfflooring.ma\/wp-content\/uploads\/2024\/04\/WhatsApp-Image-2023-09-22-a-18.21.58-300x300.jpg 300w, https:\/\/bfflooring.ma\/wp-content\/uploads\/2024\/04\/WhatsApp-Image-2023-09-22-a-18.21.58-150x150.jpg 150w, https:\/\/bfflooring.ma\/wp-content\/uploads\/2024\/04\/WhatsApp-Image-2023-09-22-a-18.21.58-100x100.jpg 100w\" sizes=\"(max-width: 600px) 100vw, 600px\" \/>\t\t\t\t\t\t\t\t\t\t\t\t\t<\/div>\n\t\t\t\t<\/div>\n\t\t\t\t<div class=\"elementor-element elementor-element-1743013 elementor-widget__width-initial elementor-widget elementor-widget-image\" data-id=\"1743013\" data-element_type=\"widget\" data-widget_type=\"image.default\">\n\t\t\t\t<div class=\"elementor-widget-container\">\n\t\t\t\t\t\t\t\t\t\t\t\t\t<img decoding=\"async\" width=\"1024\" height=\"1024\" src=\"https:\/\/bfflooring.ma\/wp-content\/uploads\/2024\/04\/WhatsApp-Image-2023-09-22-a-18.21.59-1024x1024-1.jpg\" class=\"attachment-full size-full wp-image-10070\" alt=\"\" srcset=\"https:\/\/bfflooring.ma\/wp-content\/uploads\/2024\/04\/WhatsApp-Image-2023-09-22-a-18.21.59-1024x1024-1.jpg 1024w, https:\/\/bfflooring.ma\/wp-content\/uploads\/2024\/04\/WhatsApp-Image-2023-09-22-a-18.21.59-1024x1024-1-300x300.jpg 300w, https:\/\/bfflooring.ma\/wp-content\/uploads\/2024\/04\/WhatsApp-Image-2023-09-22-a-18.21.59-1024x1024-1-150x150.jpg 150w, https:\/\/bfflooring.ma\/wp-content\/uploads\/2024\/04\/WhatsApp-Image-2023-09-22-a-18.21.59-1024x1024-1-768x768.jpg 768w, https:\/\/bfflooring.ma\/wp-content\/uploads\/2024\/04\/WhatsApp-Image-2023-09-22-a-18.21.59-1024x1024-1-600x600.jpg 600w, https:\/\/bfflooring.ma\/wp-content\/uploads\/2024\/04\/WhatsApp-Image-2023-09-22-a-18.21.59-1024x1024-1-100x100.jpg 100w\" sizes=\"(max-width: 1024px) 100vw, 1024px\" \/>\t\t\t\t\t\t\t\t\t\t\t\t\t<\/div>\n\t\t\t\t<\/div>\n\t\t\t\t<div class=\"elementor-element elementor-element-b2171f8 elementor-widget__width-initial elementor-widget elementor-widget-image\" data-id=\"b2171f8\" data-element_type=\"widget\" data-widget_type=\"image.default\">\n\t\t\t\t<div class=\"elementor-widget-container\">\n\t\t\t\t\t\t\t\t\t\t\t\t\t<img decoding=\"async\" width=\"800\" height=\"436\" src=\"https:\/\/bfflooring.ma\/wp-content\/uploads\/2024\/04\/beton-cire-sol-la-maison-saint-gobain-800x436-1.jpg\" class=\"attachment-full size-full wp-image-10067\" alt=\"\" srcset=\"https:\/\/bfflooring.ma\/wp-content\/uploads\/2024\/04\/beton-cire-sol-la-maison-saint-gobain-800x436-1.jpg 800w, https:\/\/bfflooring.ma\/wp-content\/uploads\/2024\/04\/beton-cire-sol-la-maison-saint-gobain-800x436-1-300x164.jpg 300w, https:\/\/bfflooring.ma\/wp-content\/uploads\/2024\/04\/beton-cire-sol-la-maison-saint-gobain-800x436-1-768x419.jpg 768w, https:\/\/bfflooring.ma\/wp-content\/uploads\/2024\/04\/beton-cire-sol-la-maison-saint-gobain-800x436-1-600x327.jpg 600w\" sizes=\"(max-width: 800px) 100vw, 800px\" \/>\t\t\t\t\t\t\t\t\t\t\t\t\t<\/div>\n\t\t\t\t<\/div>\n\t\t\t\t\t<\/div>\n\t\t<\/div>\n\t\t\t\t<div class=\"elementor-column elementor-col-50 elementor-inner-column elementor-element elementor-element-0961d2b\" data-id=\"0961d2b\" data-element_type=\"column\">\n\t\t\t<div class=\"elementor-widget-wrap elementor-element-populated\">\n\t\t\t\t\t\t<div class=\"elementor-element elementor-element-5f9ed48 elementor-widget elementor-widget-restly_about\" data-id=\"5f9ed48\" data-element_type=\"widget\" data-widget_type=\"restly_about.default\">\n\t\t\t\t<div class=\"elementor-widget-container\">\n\t\t\t        <div class=\"restly-about-wrapper\">\n            <div class=\"restly-about-content text-left\">\n                                \n                <h6 class=\"restly-about-stitle\"><span>D\u00c9FINITIONS<\/span><\/h6>\n                \n                <h2 class=\"restly-about-title\">Travaux de peinture interieur <\/h2>\n                <div class=\"restly-about-dec\">\n                    <p>Bienvenue chez BFFLOORING, votre partenaire privil\u00e9gi\u00e9 pour l\u2019embellissement de vos espaces \u00e0 travers la pose et la fourniture de papier peint. Chez BFFLOORING, nous comprenons l\u2019importance du papier peint dans la cr\u00e9ation d\u2019ambiances uniques et m\u00e9morables dans vos int\u00e9rieurs.<\/p><ul class=\"lte-list\"><li>Nos Services de Pose et Fourniture de Papier Peint:<\/li><\/ul><p>Consultation Expertise : Notre \u00e9quipe d\u00e9di\u00e9e vous guide dans le choix du papier peint id\u00e9al pour votre espace. Nous prenons en compte vos pr\u00e9f\u00e9rences esth\u00e9tiques, les caract\u00e9ristiques de votre espace et les derni\u00e8res tendances pour vous proposer des options qui captiveront votre imagination.<\/p><ul class=\"lte-list\"><li>S\u00e9lection de Designs Vari\u00e9s :<\/li><\/ul><p>Nous vous offrons un vaste \u00e9ventail de motifs, de textures et de couleurs de papier peint parmi lesquels choisir. Du classique au contemporain, du subtil au vibrant, notre collection r\u00e9pond \u00e0 toutes les exigences de style et d\u2019harmonisation avec votre d\u00e9cor existant.<\/p><ul class=\"lte-list\"><li>Fourniture de Qualit\u00e9 Premium :<\/li><\/ul><p>Chez BFFLOORING , la qualit\u00e9 est notre priorit\u00e9. Nous fournissons du papier peint de haute qualit\u00e9 qui r\u00e9siste \u00e0 l\u2019\u00e9preuve du temps, avec des caract\u00e9ristiques telles que la durabilit\u00e9, la facilit\u00e9 d\u2019entretien et une application sans faille.<\/p><ul class=\"lte-list\"><li>Pr\u00e9paration et Pose Professionnelle :<\/li><\/ul><p>Nos artisans hautement qualifi\u00e9s assurent une pr\u00e9paration minutieuse des surfaces avant la pose du papier peint. Nous veillons \u00e0 ce que les murs soient lisses, propres et pr\u00eats \u00e0 accueillir le papier peint. Lors de la pose, notre \u00e9quipe s\u2019applique pour un r\u00e9sultat impeccable, sans bulles ni d\u00e9calages.<\/p><ul class=\"lte-list\"><li>Personnalisation Exceptionnelle :<\/li><\/ul><p>Si vous avez des id\u00e9es sp\u00e9cifiques ou des exigences particuli\u00e8res, nous pouvons personnaliser le papier peint en fonction de votre vision. Que ce soit pour un mur d\u2019accent ou pour rev\u00eatir toute une pi\u00e8ce, nous nous adaptons pour vous offrir une solution sur mesure.<\/p><p>Choisissez BFFLOORING pour transformer vos espaces avec du papier peint qui raconte une histoire unique \u00e0 chaque mur. Contactez-nous d\u00e8s aujourd\u2019hui pour une consultation personnalis\u00e9e et d\u00e9couvrez comment nous pouvons donner vie \u00e0 vos murs gr\u00e2ce \u00e0 notre expertise en pose et fourniture de papier peint.<\/p>                <\/div>\n            <\/div>\n        <\/div>\n        \t\t<\/div>\n\t\t\t\t<\/div>\n\t\t\t\t\t<\/div>\n\t\t<\/div>\n\t\t\t\t\t<\/div>\n\t\t<\/section>\n\t\t\t\t\t<\/div>\n\t\t<\/div>\n\t\t\t\t\t<\/div>\n\t\t<\/section>\n\t\t<div class=\"elementor-element elementor-element-effdf50 e-flex e-con-boxed e-con e-parent\" data-id=\"effdf50\" data-element_type=\"container\">\n\t\t\t\t\t<div class=\"e-con-inner\">\n\t\t\t\t\t<\/div>\n\t\t\t\t<\/div>\n\t\t\t\t<section class=\"elementor-section elementor-top-section elementor-element elementor-element-ea73164 elementor-section-boxed elementor-section-height-default elementor-section-height-default\" data-id=\"ea73164\" data-element_type=\"section\" data-settings=\"{&quot;background_background&quot;:&quot;classic&quot;}\">\n\t\t\t\t\t\t<div class=\"elementor-container elementor-column-gap-default\">\n\t\t\t\t\t<div class=\"elementor-column elementor-col-100 elementor-top-column elementor-element elementor-element-433b169\" data-id=\"433b169\" data-element_type=\"column\">\n\t\t\t<div class=\"elementor-widget-wrap elementor-element-populated\">\n\t\t\t\t\t\t<section class=\"elementor-section elementor-inner-section elementor-element elementor-element-972bdec elementor-section-boxed elementor-section-height-default elementor-section-height-default\" data-id=\"972bdec\" data-element_type=\"section\" data-settings=\"{&quot;background_background&quot;:&quot;classic&quot;}\">\n\t\t\t\t\t\t<div class=\"elementor-container elementor-column-gap-default\">\n\t\t\t\t\t<div class=\"elementor-column elementor-col-100 elementor-inner-column elementor-element elementor-element-089255d\" data-id=\"089255d\" data-element_type=\"column\">\n\t\t\t<div class=\"elementor-widget-wrap elementor-element-populated\">\n\t\t\t\t\t\t<div class=\"elementor-element elementor-element-630ce9f elementor-widget elementor-widget-restly_title\" data-id=\"630ce9f\" data-element_type=\"widget\" data-widget_type=\"restly_title.default\">\n\t\t\t\t<div class=\"elementor-widget-container\">\n\t\t\t        <div class=\"restly-section-title-wrapper\">\r\n            <div class=\"restly-section-title\">\r\n                                <h2 class=\"restly-section-title\">\r\n                    BFFLOORING SP\u00c9CIALISTE Des Peinture                                     <\/h2> \r\n            <\/div>\r\n        <\/div>\r\n        \t\t<\/div>\n\t\t\t\t<\/div>\n\t\t\t\t\t<\/div>\n\t\t<\/div>\n\t\t\t\t\t<\/div>\n\t\t<\/section>\n\t\t\t\t\t<\/div>\n\t\t<\/div>\n\t\t\t\t\t<\/div>\n\t\t<\/section>\n\t\t\t\t<section class=\"elementor-section elementor-top-section elementor-element elementor-element-5ff584b elementor-section-boxed elementor-section-height-default elementor-section-height-default\" data-id=\"5ff584b\" data-element_type=\"section\" data-settings=\"{&quot;background_background&quot;:&quot;classic&quot;}\">\n\t\t\t\t\t\t<div class=\"elementor-container elementor-column-gap-default\">\n\t\t\t\t\t<div class=\"elementor-column elementor-col-100 elementor-top-column elementor-element elementor-element-9e52eb9\" data-id=\"9e52eb9\" data-element_type=\"column\">\n\t\t\t<div class=\"elementor-widget-wrap elementor-element-populated\">\n\t\t\t\t\t\t<section class=\"elementor-section elementor-inner-section elementor-element elementor-element-eac0705 elementor-section-boxed elementor-section-height-default elementor-section-height-default\" data-id=\"eac0705\" data-element_type=\"section\" data-settings=\"{&quot;background_background&quot;:&quot;classic&quot;}\">\n\t\t\t\t\t\t<div class=\"elementor-container elementor-column-gap-default\">\n\t\t\t\t\t<div class=\"elementor-column elementor-col-50 elementor-inner-column elementor-element elementor-element-a3fbc7a\" data-id=\"a3fbc7a\" data-element_type=\"column\">\n\t\t\t<div class=\"elementor-widget-wrap elementor-element-populated\">\n\t\t\t\t\t\t<div class=\"elementor-element elementor-element-fc01616 elementor-widget elementor-widget-restly_title\" data-id=\"fc01616\" data-element_type=\"widget\" data-widget_type=\"restly_title.default\">\n\t\t\t\t<div class=\"elementor-widget-container\">\n\t\t\t        <div class=\"restly-section-title-wrapper\">\r\n            <div class=\"restly-section-title\">\r\n                                <h2 class=\"restly-section-title\">\r\n                    NOUS CONTACTEZ                                    <\/h2> \r\n            <\/div>\r\n        <\/div>\r\n        \t\t<\/div>\n\t\t\t\t<\/div>\n\t\t\t\t<div class=\"elementor-element elementor-element-0a3a30a elementor-widget elementor-widget-shortcode\" data-id=\"0a3a30a\" data-element_type=\"widget\" data-widget_type=\"shortcode.default\">\n\t\t\t\t<div class=\"elementor-widget-container\">\n\t\t\t\t\t<div class=\"elementor-shortcode\">\n<div class=\"wpcf7 no-js\" id=\"wpcf7-f2367-o1\" lang=\"en-US\" dir=\"ltr\">\n<div class=\"screen-reader-response\"><p role=\"status\" aria-live=\"polite\" aria-atomic=\"true\"><\/p> <ul><\/ul><\/div>\n<form action=\"\/index.php\/wp-json\/wp\/v2\/pages\/6857#wpcf7-f2367-o1\" method=\"post\" class=\"wpcf7-form init\" aria-label=\"Contact form\" novalidate=\"novalidate\" data-status=\"init\">\n<div style=\"display: none;\">\n<input type=\"hidden\" name=\"_wpcf7\" value=\"2367\" \/>\n<input type=\"hidden\" name=\"_wpcf7_version\" value=\"5.9.3\" \/>\n<input type=\"hidden\" name=\"_wpcf7_locale\" value=\"en_US\" \/>\n<input type=\"hidden\" name=\"_wpcf7_unit_tag\" value=\"wpcf7-f2367-o1\" \/>\n<input type=\"hidden\" name=\"_wpcf7_container_post\" value=\"0\" \/>\n<input type=\"hidden\" name=\"_wpcf7_posted_data_hash\" value=\"\" \/>\n<\/div>\n<div class=\"restly-home-form\">\n    <div class=\"row\">\n        <div class=\"col-12 col-md-6\">\n            <div class=\"restly-home-form-input restly-input name\">\n            <span class=\"wpcf7-form-control-wrap\" data-name=\"yourname\"><input size=\"40\" class=\"wpcf7-form-control wpcf7-text wpcf7-validates-as-required\" aria-required=\"true\" aria-invalid=\"false\" placeholder=\"Non\" value=\"\" type=\"text\" name=\"yourname\" \/><\/span>\n            <\/div>\n        <\/div>\n        <div class=\"col-12 col-md-6\">\n            <div class=\"restly-home-form-input restly-input email\">\n            <span class=\"wpcf7-form-control-wrap\" data-name=\"youremail\"><input size=\"40\" class=\"wpcf7-form-control wpcf7-email wpcf7-validates-as-required wpcf7-text wpcf7-validates-as-email\" aria-required=\"true\" aria-invalid=\"false\" placeholder=\"Email\" value=\"\" type=\"email\" name=\"youremail\" \/><\/span>\n            <\/div>\n        <\/div>\n        <div class=\"col-12 col-md-6\">\n            <div class=\"restly-home-form-input restly-input phone\">\n            <span class=\"wpcf7-form-control-wrap\" data-name=\"yourphone\"><input size=\"40\" class=\"wpcf7-form-control wpcf7-tel wpcf7-validates-as-required wpcf7-text wpcf7-validates-as-tel\" aria-required=\"true\" aria-invalid=\"false\" placeholder=\"t\u00e9l\" value=\"\" type=\"tel\" name=\"yourphone\" \/><\/span>\n            <\/div>\n        <\/div>\n        <div class=\"col-12 col-md-6\">\n            <div class=\"restly-home-form-input restly-input cform-input website\">\n            <span class=\"wpcf7-form-control-wrap\" data-name=\"website\"><input size=\"40\" class=\"wpcf7-form-control wpcf7-url wpcf7-validates-as-required wpcf7-text wpcf7-validates-as-url\" aria-required=\"true\" aria-invalid=\"false\" placeholder=\"Website\" value=\"\" type=\"url\" name=\"website\" \/><\/span>\n            <\/div>\n        <\/div>\n        <div class=\"col-12 col-md-12\">\n            <div class=\"restly-home-input restly-input message\">\n            <span class=\"wpcf7-form-control-wrap\" data-name=\"message\"><textarea cols=\"10\" rows=\"4\" class=\"wpcf7-form-control wpcf7-textarea\" aria-invalid=\"false\" placeholder=\"votre message.\" name=\"message\"><\/textarea><\/span>\n            <\/div>\n            <div class=\"restly-message-btn\">\n            <input class=\"wpcf7-form-control wpcf7-submit has-spinner\" type=\"submit\" value=\"Message\" \/>\n            <\/div>\n        <\/div>\n    <\/div>\n<\/div><div class=\"wpcf7-response-output\" aria-hidden=\"true\"><\/div>\n<\/form>\n<\/div>\n<\/div>\n\t\t\t\t<\/div>\n\t\t\t\t<\/div>\n\t\t\t\t\t<\/div>\n\t\t<\/div>\n\t\t\t\t<div class=\"elementor-column elementor-col-50 elementor-inner-column elementor-element elementor-element-8b0410f\" data-id=\"8b0410f\" data-element_type=\"column\" data-settings=\"{&quot;background_background&quot;:&quot;classic&quot;}\">\n\t\t\t<div class=\"elementor-widget-wrap elementor-element-populated\">\n\t\t\t\t\t<div class=\"elementor-background-overlay\"><\/div>\n\t\t\t\t\t\t<div class=\"elementor-element elementor-element-bda9da7 elementor-widget elementor-widget-restly_contact_info\" data-id=\"bda9da7\" data-element_type=\"widget\" data-widget_type=\"restly_contact_info.default\">\n\t\t\t\t<div class=\"elementor-widget-container\">\n\t\t\t        <div class=\"restly-contact-info-warpper\">\r\n            <div class=\"restly-contact-info\">\r\n                <h2 class=\"contact-info-title\">Entrer en Contact<\/h2>                <div class=\"restly-contact-info-items\">\r\n                                        <div class=\"restly-cinfo d-flex align-items-center\">\r\n                        <div class=\"restly-cinfo-icon\">\r\n                            <i class=\"fas fa-phone-alt\"><\/i>\r\n                        <\/div>\r\n                        <div class=\"restly-cinfo-dec\">\r\n                            <span>Contact<\/span>\r\n                            <p>+212656552482<\/p>                        <\/div>\r\n                    <\/div>\r\n                                        <div class=\"restly-cinfo d-flex align-items-center\">\r\n                        <div class=\"restly-cinfo-icon\">\r\n                            <i class=\"far fa-envelope\"><\/i>\r\n                        <\/div>\r\n                        <div class=\"restly-cinfo-dec\">\r\n                            <span>Email<\/span>\r\n                            <p>admin@bfflooring.ma<\/p>                        <\/div>\r\n                    <\/div>\r\n                                        <div class=\"restly-cinfo d-flex align-items-center\">\r\n                        <div class=\"restly-cinfo-icon\">\r\n                            <i class=\"fas fa-clock\"><\/i>\r\n                        <\/div>\r\n                        <div class=\"restly-cinfo-dec\">\r\n                            <span>heures d&#039;ouverture:<\/span>\r\n                            <p>\u00a08:00h - 18:00h<\/p>                        <\/div>\r\n                    <\/div>\r\n                                    <\/div>\r\n            <\/div>\r\n        <\/div>\r\n        \t\t<\/div>\n\t\t\t\t<\/div>\n\t\t\t\t\t<\/div>\n\t\t<\/div>\n\t\t\t\t\t<\/div>\n\t\t<\/section>\n\t\t\t\t\t<\/div>\n\t\t<\/div>\n\t\t\t\t\t<\/div>\n\t\t<\/section>\n\t\t\t\t<\/div>\n\t\t","protected":false},"excerpt":{"rendered":"<p>NOS SERVICE Decouvrire nos Service de Peinture D\u00c9FINITIONS Travaux de peinture interieur Bienvenue chez BFFLOORING, votre partenaire privil\u00e9gi\u00e9 pour l\u2019embellissement de vos espaces \u00e0 travers la pose et la fourniture de papier peint. Chez BFFLOORING, nous comprenons l\u2019importance du papier peint dans la cr\u00e9ation d\u2019ambiances uniques et m\u00e9morables dans vos int\u00e9rieurs. Nos Services de Pose [&hellip;]<\/p>\n","protected":false},"author":1,"featured_media":0,"parent":0,"menu_order":0,"comment_status":"closed","ping_status":"closed","template":"blank-template.php","meta":{"footnotes":""},"class_list":["post-6857","page","type-page","status-publish","hentry"],"_links":{"self":[{"href":"https:\/\/bfflooring.ma\/index.php\/wp-json\/wp\/v2\/pages\/6857","targetHints":{"allow":["GET"]}}],"collection":[{"href":"https:\/\/bfflooring.ma\/index.php\/wp-json\/wp\/v2\/pages"}],"about":[{"href":"https:\/\/bfflooring.ma\/index.php\/wp-json\/wp\/v2\/types\/page"}],"author":[{"embeddable":true,"href":"https:\/\/bfflooring.ma\/index.php\/wp-json\/wp\/v2\/users\/1"}],"replies":[{"embeddable":true,"href":"https:\/\/bfflooring.ma\/index.php\/wp-json\/wp\/v2\/comments?post=6857"}],"version-history":[{"count":14,"href":"https:\/\/bfflooring.ma\/index.php\/wp-json\/wp\/v2\/pages\/6857\/revisions"}],"predecessor-version":[{"id":10278,"href":"https:\/\/bfflooring.ma\/index.php\/wp-json\/wp\/v2\/pages\/6857\/revisions\/10278"}],"wp:attachment":[{"href":"https:\/\/bfflooring.ma\/index.php\/wp-json\/wp\/v2\/media?parent=6857"}],"curies":[{"name":"wp","href":"https:\/\/api.w.org\/{rel}","templated":true}]}}